{"id":19478,"date":"2021-08-30T12:21:16","date_gmt":"2021-08-30T11:21:16","guid":{"rendered":"https:\/\/bodegasvalduero.com\/?page_id=19478"},"modified":"2021-09-01T11:04:08","modified_gmt":"2021-09-01T10:04:08","slug":"blancos","status":"publish","type":"page","link":"https:\/\/bodegasvalduero.com\/zh-hans\/blancos\/","title":{"rendered":"Blancos"},"content":{"rendered":"<p>[vc_row row_style=&#8221;full-screen&#8221; vertical_align=&#8221;middle&#8221; padding_size=&#8221;xl-padding&#8221; background_style=&#8221;cover&#8221; background_image=&#8221;1758&#8243; bg_image_url=&#8221;http:\/\/bodegasvalduero.com\/wp-content\/uploads\/2021\/06\/PORTADA@2x-1-150&#215;150.png&#8221; el_class=&#8221;flex-header&#8221; el_id=&#8221;vinos-header&#8221;][vc_column padding_size=&#8221;l-padding&#8221;][vc_column_text el_class=&#8221;font-work main-title color-white&#8221; css=&#8221;.vc_custom_1630490639365{margin-top: 0px !important;}&#8221;]<\/p>\n<h2 class=\"fuente-marron\" style=\"text-align: center;\">Ribera del Duero<\/h2>\n<p>[\/vc_column_text][vc_column_text el_class=&#8221;font-work main-title color-white vinos-title&#8221; css=&#8221;.vc_custom_1630322491000{margin-top: 0px !important;}&#8221;]<\/p>\n<h2>\u767d\u8461\u8404\u9152<\/h2>\n<p>[\/vc_column_text][vc_row_inner][vc_column_inner width=&#8221;1\/2&#8243;][wyde_link_button style=&#8221;outline&#8221; size=&#8221;large&#8221; link=&#8221;url:http%3A%2F%2Fbodegasvalduero.com%2Falbillos%2Fvalduero-natural%2F|title:VIADERO%20NATURAL&#8221; color=&#8221;#ac9c74&#8243; hover_color=&#8221;#000000&#8243; css=&#8221;.vc_custom_1624264119708{margin-top: 50px !important;}&#8221; title=&#8221;VIADERO NATURAL&#8221;][\/vc_column_inner][vc_column_inner width=&#8221;1\/2&#8243;][wyde_link_button style=&#8221;outline&#8221; size=&#8221;large&#8221; link=&#8221;url:http%3A%2F%2Fbodegasvalduero.com%2Falbillos%2Fblanco-valduero%2F|title:VALDUERO%20BLANCO&#8221; color=&#8221;#ac9c74&#8243; hover_color=&#8221;#000000&#8243; css=&#8221;.vc_custom_1624264146706{margin-top: 50px !important;}&#8221; title=&#8221;VALDUERO BLANCO&#8221;][\/vc_column_inner][\/vc_row_inner][\/vc_column][\/vc_row][vc_row row_style=&#8221;full-width&#8221; vertical_align=&#8221;middle&#8221; background_image=&#8221;1044&#8243; bg_image_url=&#8221;http:\/\/bodegasvalduero.com\/wp-content\/uploads\/2021\/06\/Grupo-2027@2x-1-150&#215;150.jpg&#8221; css=&#8221;.vc_custom_1623840629083{padding-top: 150px !important;padding-bottom: 100px !important;}&#8221; el_id=&#8221;nuestros-vinos&#8221;][vc_column width=&#8221;1\/2&#8243; offset=&#8221;vc_col-lg-offset-3&#8243;][vc_column_text el_class=&#8221;font-work main-title color-white&#8221; css=&#8221;.vc_custom_1630322522502{margin-top: 0px !important;}&#8221;]<\/p>\n<h2 class=\"fuente-marron\">\u53d1\u73b0<\/h2>\n<p>[\/vc_column_text][vc_column_text el_class=&#8221;font-work main-title color-white&#8221; css=&#8221;.vc_custom_1630322538792{margin-top: 0px !important;}&#8221;]<\/p>\n<h2 style=\"line-height: 130px; font-size: 60px;\">\u6211\u4eec\u7684\u8461\u8404\u9152<\/h2>\n<p>[\/vc_column_text][\/vc_column][vc_column width=&#8221;1\/4&#8243; el_class=&#8221;nuestros-vinos-list&#8221;][vc_column_text]<\/p>\n<ul>\n<li><a href=\"\/zh-hans\/blancos\/\">BLANCOS<\/a><\/li>\n<li><a href=\"\/zh-hans\/tierra-alta\/\">TIERRA ALTA<\/a><\/li>\n<li><a href=\"\/zh-hans\/elite\/\">ELITE<\/a><\/li>\n<li><a href=\"\/zh-hans\/gran-lujo\/\">GRAN LUJO<\/a><\/li>\n<li><a href=\"\/zh-hans\/azaya\/\">AZAYA<\/a><\/li>\n<\/ul>\n<p>[\/vc_column_text][\/vc_column][\/vc_row][vc_row row_style=&#8221;full-width&#8221; background_image=&#8221;931&#8243; bg_image_url=&#8221;http:\/\/bodegasvalduero.com\/wp-content\/uploads\/2021\/06\/Grupo-2026@2x-150&#215;150.jpg&#8221; css=&#8221;.vc_custom_1623772252081{padding-top: 150px !important;padding-bottom: 100px !important;}&#8221; el_id=&#8221;suscripcion&#8221;][vc_column width=&#8221;1\/2&#8243; offset=&#8221;vc_col-lg-offset-3&#8243;][vc_column_text el_class=&#8221;font-work main-title color-white&#8221; css=&#8221;.vc_custom_1630322546907{margin-top: 0px !important;}&#8221;]<\/p>\n<h2 class=\"fuente-marron\" style=\"font-size: 100px!important;\">\u8ba2\u9605<\/h2>\n<p>[\/vc_column_text][vc_column_text el_class=&#8221;font-work main-title color-white&#8221; css=&#8221;.vc_custom_1630322555609{margin-top: 0px !important;}&#8221;]<\/p>\n<h2 style=\"line-height: 130px; font-size: 60px;\">\u901a\u8baf<\/h2>\n<p>[\/vc_column_text]<script type=\"text\/javascript\">var gform;gform||(document.addEventListener(\"gform_main_scripts_loaded\",function(){gform.scriptsLoaded=!0}),window.addEventListener(\"DOMContentLoaded\",function(){gform.domLoaded=!0}),gform={domLoaded:!1,scriptsLoaded:!1,initializeOnLoaded:function(o){gform.domLoaded&&gform.scriptsLoaded?o():!gform.domLoaded&&gform.scriptsLoaded?window.addEventListener(\"DOMContentLoaded\",o):document.addEventListener(\"gform_main_scripts_loaded\",o)},hooks:{action:{},filter:{}},addAction:function(o,n,r,t){gform.addHook(\"action\",o,n,r,t)},addFilter:function(o,n,r,t){gform.addHook(\"filter\",o,n,r,t)},doAction:function(o){gform.doHook(\"action\",o,arguments)},applyFilters:function(o){return gform.doHook(\"filter\",o,arguments)},removeAction:function(o,n){gform.removeHook(\"action\",o,n)},removeFilter:function(o,n,r){gform.removeHook(\"filter\",o,n,r)},addHook:function(o,n,r,t,i){null==gform.hooks[o][n]&&(gform.hooks[o][n]=[]);var e=gform.hooks[o][n];null==i&&(i=n+\"_\"+e.length),gform.hooks[o][n].push({tag:i,callable:r,priority:t=null==t?10:t})},doHook:function(n,o,r){var t;if(r=Array.prototype.slice.call(r,1),null!=gform.hooks[n][o]&&((o=gform.hooks[n][o]).sort(function(o,n){return o.priority-n.priority}),o.forEach(function(o){\"function\"!=typeof(t=o.callable)&&(t=window[t]),\"action\"==n?t.apply(null,r):r[0]=t.apply(null,r)})),\"filter\"==n)return r[0]},removeHook:function(o,n,t,i){var r;null!=gform.hooks[o][n]&&(r=(r=gform.hooks[o][n]).filter(function(o,n,r){return!!(null!=i&&i!=o.tag||null!=t&&t!=o.priority)}),gform.hooks[o][n]=r)}});<\/script>\n                <div class='gf_browser_gecko gform_wrapper gravity-theme gform-theme--no-framework' data-form-theme='gravity-theme' data-form-index='0' id='gform_wrapper_1' ><form method='post' enctype='multipart\/form-data'  id='gform_1'  action='\/zh-hans\/wp-json\/wp\/v2\/pages\/19478' data-formid='1' novalidate>\n                        <div class='gform-body gform_body'><div id='gform_fields_1' class='gform_fields top_label form_sublabel_below description_below validation_below'><div id=\"field_1_1\" class=\"gfield gfield--type-email gfield_contains_required field_sublabel_below gfield--no-description field_description_below hidden_label field_validation_below gfield_visibility_visible\"  data-js-reload=\"field_1_1\" ><label class='gfield_label gform-field-label' for='input_1_1'>Email<span class=\"gfield_required\"><span class=\"gfield_required gfield_required_text\">(Required)<\/span><\/span><\/label><div class='ginput_container ginput_container_email'>\n                            <input name='input_1' id='input_1_1' type='email' value='' class='large'   placeholder='Tu correo electr\u00f3nico' aria-required=\"true\" aria-invalid=\"false\"  \/>\n                        <\/div><\/div><fieldset id=\"field_1_2\" class=\"gfield gfield--type-consent gfield--type-choice gfield--input-type-consent gfield--width-full color-white gfield_contains_required field_sublabel_below gfield--has-description field_description_below hidden_label field_validation_below gfield_visibility_visible\"  data-js-reload=\"field_1_2\" ><legend class='gfield_label gform-field-label gfield_label_before_complex' >Consentimiento<span class=\"gfield_required\"><span class=\"gfield_required gfield_required_text\">(Required)<\/span><\/span><\/legend><div class='ginput_container ginput_container_consent'><input name='input_2.1' id='input_1_2_1' type='checkbox' value='1'  aria-describedby=\"gfield_consent_description_1_2\" aria-required=\"true\" aria-invalid=\"false\"   \/> <label class=\"gform-field-label gform-field-label--type-inline gfield_consent_label\" for='input_1_2_1' >He le\u00eddo y acepto la <a href=\"\/privacidad\/\">pol\u00edtica de privacidad<\/a>*.<span class=\"gfield_required gfield_required_text\">(Required)<\/span><\/label><input type='hidden' name='input_2.2' value='He le\u00eddo y acepto la &lt;a href=&quot;\/privacidad\/&quot;&gt;pol\u00edtica de privacidad&lt;\/a&gt;*.' class='gform_hidden' \/><input type='hidden' name='input_2.3' value='7' class='gform_hidden' \/><\/div><div class='gfield_description gfield_consent_description' id='gfield_consent_description_1_2'>INFORMACI\u00d3N B\u00c1SICA SOBRE PROTECCI\u00d3N DE DATOS<br \/>\nResponsable: VALDUERO, SOC. COOP. - F82144957<br \/>\nFinalidad del tratamiento: Ponernos en contacto con usted y atender su solicitud de recibir de forma peri\u00f3dica el bolet\u00edn sobre noticias que pueden ser de su inter\u00e9s (ofertas y promociones especiales). Esta suscripci\u00f3n puede ser anulada en cualquier momento.<br \/>\nLegitimaci\u00f3n: Su consentimiento.<br \/>\nComunicaci\u00f3n de los datos: No se comunicar\u00e1n los datos a terceros salvo que exista obligaci\u00f3n legal.<br \/>\nContacto de protecci\u00f3n de datos: info@valduerosc.es<br \/>\nInformaci\u00f3n adicional: En nuestra Pol\u00edtica de Privacidad encontrar\u00e1 informaci\u00f3n adicional detallada sobre la recopilaci\u00f3n y el uso de su informaci\u00f3n personal, sobre sus derechos y otros temas (cesi\u00f3n de datos, plazos de conservaci\u00f3n, etc.).<\/div><\/fieldset><\/div><\/div>\n        <div class='gform_footer top_label'> <input type='submit' id='gform_submit_button_1' class='gform_button button' value='Unirse'  onclick='if(window[\"gf_submitting_1\"]){return false;}  if( !jQuery(\"#gform_1\")[0].checkValidity || jQuery(\"#gform_1\")[0].checkValidity()){window[\"gf_submitting_1\"]=true;}  ' onkeypress='if( event.keyCode == 13 ){ if(window[\"gf_submitting_1\"]){return false;} if( !jQuery(\"#gform_1\")[0].checkValidity || jQuery(\"#gform_1\")[0].checkValidity()){window[\"gf_submitting_1\"]=true;}  jQuery(\"#gform_1\").trigger(\"submit\",[true]); }' \/> \n            <input type='hidden' class='gform_hidden' name='is_submit_1' value='1' \/>\n            <input type='hidden' class='gform_hidden' name='gform_submit' value='1' \/>\n            \n            <input type='hidden' class='gform_hidden' name='gform_unique_id' value='' \/>\n            <input type='hidden' class='gform_hidden' name='state_1' value='WyJ7XCIyLjFcIjpcImQxZTZiMzg5ZDc3ZDkwNTE4ZjQxNWJiOWMwN2E4YWJiXCIsXCIyLjJcIjpcImJhOTc4ODE1ZTlmNDMyMjI0ZjY4ZTc5Mjg0MzU3Zjc2XCIsXCIyLjNcIjpcImM3ZWY0YWI1OTQ4YWU5YjAyMTliODcxNDUyZDZmYzZmXCJ9IiwiNWYyZjFhMTdhMjkzM2Q5ZDZhODMyNGVkOTVmNjIzNjciXQ==' \/>\n            <input type='hidden' class='gform_hidden' name='gform_target_page_number_1' id='gform_target_page_number_1' value='0' \/>\n            <input type='hidden' class='gform_hidden' name='gform_source_page_number_1' id='gform_source_page_number_1' value='1' \/>\n            <input type='hidden' name='gform_field_values' value='' \/>\n            \n        <\/div>\n                        <\/form>\n                        <\/div><script type=\"text\/javascript\">\n\/* <![CDATA[ *\/\n gform.initializeOnLoaded( function() {gformInitSpinner( 1, 'https:\/\/bodegasvalduero.com\/wp-content\/plugins\/gravityforms\/images\/spinner.svg', true );jQuery('#gform_ajax_frame_1').on('load',function(){var contents = jQuery(this).contents().find('*').html();var is_postback = contents.indexOf('GF_AJAX_POSTBACK') >= 0;if(!is_postback){return;}var form_content = jQuery(this).contents().find('#gform_wrapper_1');var is_confirmation = jQuery(this).contents().find('#gform_confirmation_wrapper_1').length > 0;var is_redirect = contents.indexOf('gformRedirect(){') >= 0;var is_form = form_content.length > 0 && ! is_redirect && ! is_confirmation;var mt = parseInt(jQuery('html').css('margin-top'), 10) + parseInt(jQuery('body').css('margin-top'), 10) + 100;if(is_form){jQuery('#gform_wrapper_1').html(form_content.html());if(form_content.hasClass('gform_validation_error')){jQuery('#gform_wrapper_1').addClass('gform_validation_error');} else {jQuery('#gform_wrapper_1').removeClass('gform_validation_error');}setTimeout( function() { \/* delay the scroll by 50 milliseconds to fix a bug in chrome *\/  }, 50 );if(window['gformInitDatepicker']) {gformInitDatepicker();}if(window['gformInitPriceFields']) {gformInitPriceFields();}var current_page = jQuery('#gform_source_page_number_1').val();gformInitSpinner( 1, 'https:\/\/bodegasvalduero.com\/wp-content\/plugins\/gravityforms\/images\/spinner.svg', true );jQuery(document).trigger('gform_page_loaded', [1, current_page]);window['gf_submitting_1'] = false;}else if(!is_redirect){var confirmation_content = jQuery(this).contents().find('.GF_AJAX_POSTBACK').html();if(!confirmation_content){confirmation_content = contents;}jQuery('#gform_wrapper_1').replaceWith(confirmation_content);jQuery(document).trigger('gform_confirmation_loaded', [1]);window['gf_submitting_1'] = false;wp.a11y.speak(jQuery('#gform_confirmation_message_1').text());}else{jQuery('#gform_1').append(contents);if(window['gformRedirect']) {gformRedirect();}}jQuery(document).trigger(\"gform_pre_post_render\", [{ formId: \"1\", currentPage: \"current_page\", abort: function() { this.preventDefault(); } }]);                if (event && event.defaultPrevented) {                return;         }        const gformWrapperDiv = document.getElementById( \"gform_wrapper_1\" );        if ( gformWrapperDiv ) {            const visibilitySpan = document.createElement( \"span\" );            visibilitySpan.id = \"gform_visibility_test_1\";            gformWrapperDiv.insertAdjacentElement( \"afterend\", visibilitySpan );        }        const visibilityTestDiv = document.getElementById( \"gform_visibility_test_1\" );        let postRenderFired = false;                function triggerPostRender() {            if ( postRenderFired ) {                return;            }            postRenderFired = true;            jQuery( document ).trigger( 'gform_post_render', [1, current_page] );            gform.utils.trigger( { event: 'gform\/postRender', native: false, data: { formId: 1, currentPage: current_page } } );            if ( visibilityTestDiv ) {                visibilityTestDiv.parentNode.removeChild( visibilityTestDiv );            }        }        function debounce( func, wait, immediate ) {            var timeout;            return function() {                var context = this, args = arguments;                var later = function() {                    timeout = null;                    if ( !immediate ) func.apply( context, args );                };                var callNow = immediate && !timeout;                clearTimeout( timeout );                timeout = setTimeout( later, wait );                if ( callNow ) func.apply( context, args );            };        }        const debouncedTriggerPostRender = debounce( function() {            triggerPostRender();        }, 200 );        if ( visibilityTestDiv && visibilityTestDiv.offsetParent === null ) {            const observer = new MutationObserver( ( mutations ) => {                mutations.forEach( ( mutation ) => {                    if ( mutation.type === 'attributes' && visibilityTestDiv.offsetParent !== null ) {                        debouncedTriggerPostRender();                        observer.disconnect();                    }                });            });            observer.observe( document.body, {                attributes: true,                childList: false,                subtree: true,                attributeFilter: [ 'style', 'class' ],            });        } else {            triggerPostRender();        }    } );} ); \n\/* ]]> *\/\n<\/script>\n[\/vc_column][\/vc_row]<\/p>\n","protected":false},"excerpt":{"rendered":"<p>[vc_row row_style=&#8221;full-screen&#8221; vertical_al [&hellip;]<\/p>\n","protected":false},"author":11,"featured_media":0,"parent":0,"menu_order":110,"comment_status":"closed","ping_status":"closed","template":"","meta":{"_acf_changed":false,"footnotes":""},"acf":[],"yoast_head":"<!-- This site is optimized with the Yoast SEO plugin v22.4 - https:\/\/yoast.com\/wordpress\/plugins\/seo\/ -->\n<title>Blancos - Bodegas Valduero<\/title>\n<meta name=\"robots\" content=\"index, follow, max-snippet:-1, max-image-preview:large, max-video-preview:-1\" \/>\n<link rel=\"canonical\" href=\"https:\/\/bodegasvalduero.com\/zh-hans\/blancos\/\" \/>\n<meta property=\"og:locale\" content=\"zh_CN\" \/>\n<meta property=\"og:type\" content=\"article\" \/>\n<meta property=\"og:title\" content=\"Blancos - Bodegas Valduero\" \/>\n<meta property=\"og:description\" content=\"[vc_row row_style=&#8221;full-screen&#8221; vertical_al [&hellip;]\" \/>\n<meta property=\"og:url\" content=\"https:\/\/bodegasvalduero.com\/zh-hans\/blancos\/\" \/>\n<meta property=\"og:site_name\" content=\"Bodegas Valduero\" \/>\n<meta property=\"article:modified_time\" content=\"2021-09-01T10:04:08+00:00\" \/>\n<meta name=\"twitter:card\" content=\"summary_large_image\" \/>\n<meta name=\"twitter:label1\" content=\"\u9884\u8ba1\u9605\u8bfb\u65f6\u95f4\" \/>\n\t<meta name=\"twitter:data1\" content=\"1 \u5206\" \/>\n<script type=\"application\/ld+json\" class=\"yoast-schema-graph\">{\"@context\":\"https:\/\/schema.org\",\"@graph\":[{\"@type\":\"WebPage\",\"@id\":\"https:\/\/bodegasvalduero.com\/zh-hans\/blancos\/\",\"url\":\"https:\/\/bodegasvalduero.com\/zh-hans\/blancos\/\",\"name\":\"Blancos - Bodegas Valduero\",\"isPartOf\":{\"@id\":\"https:\/\/bodegasvalduero.com\/#website\"},\"datePublished\":\"2021-08-30T11:21:16+00:00\",\"dateModified\":\"2021-09-01T10:04:08+00:00\",\"breadcrumb\":{\"@id\":\"https:\/\/bodegasvalduero.com\/zh-hans\/blancos\/#breadcrumb\"},\"inLanguage\":\"zh-Hans\",\"potentialAction\":[{\"@type\":\"ReadAction\",\"target\":[\"https:\/\/bodegasvalduero.com\/zh-hans\/blancos\/\"]}]},{\"@type\":\"BreadcrumbList\",\"@id\":\"https:\/\/bodegasvalduero.com\/zh-hans\/blancos\/#breadcrumb\",\"itemListElement\":[{\"@type\":\"ListItem\",\"position\":1,\"name\":\"Portada\",\"item\":\"https:\/\/bodegasvalduero.com\/zh-hans\/\"},{\"@type\":\"ListItem\",\"position\":2,\"name\":\"Blancos\"}]},{\"@type\":\"WebSite\",\"@id\":\"https:\/\/bodegasvalduero.com\/#website\",\"url\":\"https:\/\/bodegasvalduero.com\/\",\"name\":\"Bodegas Valduero\",\"description\":\"\",\"potentialAction\":[{\"@type\":\"SearchAction\",\"target\":{\"@type\":\"EntryPoint\",\"urlTemplate\":\"https:\/\/bodegasvalduero.com\/?s={search_term_string}\"},\"query-input\":\"required name=search_term_string\"}],\"inLanguage\":\"zh-Hans\"}]}<\/script>\n<!-- \/ Yoast SEO plugin. -->","yoast_head_json":{"title":"Blancos - Bodegas Valduero","robots":{"index":"index","follow":"follow","max-snippet":"max-snippet:-1","max-image-preview":"max-image-preview:large","max-video-preview":"max-video-preview:-1"},"canonical":"https:\/\/bodegasvalduero.com\/zh-hans\/blancos\/","og_locale":"zh_CN","og_type":"article","og_title":"Blancos - Bodegas Valduero","og_description":"[vc_row row_style=&#8221;full-screen&#8221; vertical_al [&hellip;]","og_url":"https:\/\/bodegasvalduero.com\/zh-hans\/blancos\/","og_site_name":"Bodegas Valduero","article_modified_time":"2021-09-01T10:04:08+00:00","twitter_card":"summary_large_image","twitter_misc":{"\u9884\u8ba1\u9605\u8bfb\u65f6\u95f4":"1 \u5206"},"schema":{"@context":"https:\/\/schema.org","@graph":[{"@type":"WebPage","@id":"https:\/\/bodegasvalduero.com\/zh-hans\/blancos\/","url":"https:\/\/bodegasvalduero.com\/zh-hans\/blancos\/","name":"Blancos - Bodegas Valduero","isPartOf":{"@id":"https:\/\/bodegasvalduero.com\/#website"},"datePublished":"2021-08-30T11:21:16+00:00","dateModified":"2021-09-01T10:04:08+00:00","breadcrumb":{"@id":"https:\/\/bodegasvalduero.com\/zh-hans\/blancos\/#breadcrumb"},"inLanguage":"zh-Hans","potentialAction":[{"@type":"ReadAction","target":["https:\/\/bodegasvalduero.com\/zh-hans\/blancos\/"]}]},{"@type":"BreadcrumbList","@id":"https:\/\/bodegasvalduero.com\/zh-hans\/blancos\/#breadcrumb","itemListElement":[{"@type":"ListItem","position":1,"name":"Portada","item":"https:\/\/bodegasvalduero.com\/zh-hans\/"},{"@type":"ListItem","position":2,"name":"Blancos"}]},{"@type":"WebSite","@id":"https:\/\/bodegasvalduero.com\/#website","url":"https:\/\/bodegasvalduero.com\/","name":"Bodegas Valduero","description":"","potentialAction":[{"@type":"SearchAction","target":{"@type":"EntryPoint","urlTemplate":"https:\/\/bodegasvalduero.com\/?s={search_term_string}"},"query-input":"required name=search_term_string"}],"inLanguage":"zh-Hans"}]}},"_links":{"self":[{"href":"https:\/\/bodegasvalduero.com\/zh-hans\/wp-json\/wp\/v2\/pages\/19478"}],"collection":[{"href":"https:\/\/bodegasvalduero.com\/zh-hans\/wp-json\/wp\/v2\/pages"}],"about":[{"href":"https:\/\/bodegasvalduero.com\/zh-hans\/wp-json\/wp\/v2\/types\/page"}],"author":[{"embeddable":true,"href":"https:\/\/bodegasvalduero.com\/zh-hans\/wp-json\/wp\/v2\/users\/11"}],"replies":[{"embeddable":true,"href":"https:\/\/bodegasvalduero.com\/zh-hans\/wp-json\/wp\/v2\/comments?post=19478"}],"version-history":[{"count":5,"href":"https:\/\/bodegasvalduero.com\/zh-hans\/wp-json\/wp\/v2\/pages\/19478\/revisions"}],"predecessor-version":[{"id":19863,"href":"https:\/\/bodegasvalduero.com\/zh-hans\/wp-json\/wp\/v2\/pages\/19478\/revisions\/19863"}],"wp:attachment":[{"href":"https:\/\/bodegasvalduero.com\/zh-hans\/wp-json\/wp\/v2\/media?parent=19478"}],"curies":[{"name":"wp","href":"https:\/\/api.w.org\/{rel}","templated":true}]}}