{"id":19579,"date":"2021-08-31T09:50:30","date_gmt":"2021-08-31T08:50:30","guid":{"rendered":"https:\/\/bodegasvalduero.com\/?page_id=19579"},"modified":"2025-02-05T14:32:10","modified_gmt":"2025-02-05T13:32:10","slug":"valduero-12%e5%b9%b4","status":"publish","type":"page","link":"https:\/\/bodegasvalduero.com\/zh-hans\/elite\/valduero-12%e5%b9%b4\/","title":{"rendered":"Valduero 12 \u5e74"},"content":{"rendered":"<p>[vc_row css=&#8221;.vc_custom_1624615927348{padding-top: 0px !important;padding-bottom: 0px !important;}&#8221; background_color=&#8221;#000000&#8243;][vc_column]\n\t\t\t<!-- START elite 12 a\u00f1os REVOLUTION SLIDER 6.3.3 --><p class=\"rs-p-wp-fix\"><\/p>\n\t\t\t<rs-module-wrap id=\"rev_slider_13_1_wrapper\" data-source=\"gallery\" style=\"background:transparent;padding:0;\">\n\t\t\t\t<rs-module id=\"rev_slider_13_1\" style=\"\" data-version=\"6.3.3\">\n\t\t\t\t\t<rs-slides>\n\t\t\t\t\t\t<rs-slide data-key=\"rs-48\" data-title=\"Slide\" data-anim=\"ei:d;eo:d;s:1000;r:0;t:fade;sl:0;\">\n\t\t\t\t\t\t\t<img loading=\"lazy\" decoding=\"async\" src=\"\/\/bodegasvalduero.com\/wp-content\/uploads\/2021\/06\/2-MADERAS-1-1@2x-3.png\" title=\"2 MADERAS &#8211; (1) (1)@2x\" width=\"652\" height=\"1090\" class=\"rev-slidebg\" data-no-retina>\n\t\t\t\t\t\t\t<rs-bgvideo \n\t\t\t\t\t\t\t\tdata-video=\"w:100%;h:100%;nse:false;rwd:false;l:false;ptimer:false;\"\n\t\t\t\t\t\t\t\tdata-mp4=\"\/\/bodegasvalduero.com\/wp-content\/uploads\/2021\/06\/12-ANOS.mp4\"\n\t\t\t\t\t\t\t><\/rs-bgvideo>\n<!--\n\t\t\t\t\t\t\t--><rs-layer\n\t\t\t\t\t\t\t\tid=\"slider-13-slide-48-layer-0\" \n\t\t\t\t\t\t\t\tclass=\"font-work main-title color-white vinos-title\"\n\t\t\t\t\t\t\t\tdata-type=\"text\"\n\t\t\t\t\t\t\t\tdata-rsp_ch=\"on\"\n\t\t\t\t\t\t\t\tdata-xy=\"x:l,l,l,c;xo:15px,15px,15px,0;yo:199px,199px,199px,-60px;\"\n\t\t\t\t\t\t\t\tdata-text=\"w:normal;s:100,100,100,65;l:100,100,100,65;a:left,left,left,center;\"\n\t\t\t\t\t\t\t\tdata-frame_0=\"x:0,0,0,0px;y:0,0,0,0px;\"\n\t\t\t\t\t\t\t\tdata-frame_1=\"x:0,0,0,0px;y:0,0,0,0px;\"\n\t\t\t\t\t\t\t\tdata-frame_999=\"o:0;st:w;\"\n\t\t\t\t\t\t\t\tstyle=\"z-index:9;font-family:Roboto;\"\n\t\t\t\t\t\t\t>VALDUERO<br \/>\n12 \u5e74 \n\t\t\t\t\t\t\t<\/rs-layer><!--\n\n\t\t\t\t\t\t\t--><rs-layer\n\t\t\t\t\t\t\t\tid=\"slider-13-slide-48-layer-1\" \n\t\t\t\t\t\t\t\tdata-type=\"text\"\n\t\t\t\t\t\t\t\tdata-rsp_ch=\"on\"\n\t\t\t\t\t\t\t\tdata-xy=\"x:r,r,r,c;xo:15px,15px,15px,0;y:t,t,t,b;yo:610px,610px,610px,100px;\"\n\t\t\t\t\t\t\t\tdata-text=\"w:normal,normal,normal,normal;s:16,16,16,20;l:25,25,25,24;a:right,right,right,center;\"\n\t\t\t\t\t\t\t\tdata-dim=\"w:459.3800000000001px,459.3800000000001px,459.3800000000001px,440.993px;\"\n\t\t\t\t\t\t\t\tdata-frame_0=\"x:0,0,0,0px;y:0,0,0,0px;\"\n\t\t\t\t\t\t\t\tdata-frame_1=\"x:0,0,0,0px;y:0,0,0,0px;\"\n\t\t\t\t\t\t\t\tdata-frame_999=\"o:0;st:w;\"\n\t\t\t\t\t\t\t\tstyle=\"z-index:18;font-family:Montserrat;\"\n\t\t\t\t\t\t\t>\u4e0e\u4e16\u754c\u4e0a\u6700\u6602\u8d35\u7684\u8461\u8404\u9152\u89d2\u9010\uff0c\u4f4d\u5c45\u524d 4 \u540d\u3002 \n\t\t\t\t\t\t\t<\/rs-layer><!--\n\n\t\t\t\t\t\t\t--><a\n\t\t\t\t\t\t\t\tid=\"slider-13-slide-48-layer-2\" \n\t\t\t\t\t\t\t\tclass=\"rs-layer hover-btn-vinos\"\n\t\t\t\t\t\t\t\thref=\"\/zh-hans\/elite\/6\u5e74\/\" target=\"_self\"\n\t\t\t\t\t\t\t\tdata-type=\"button\"\n\t\t\t\t\t\t\t\tdata-rsp_ch=\"on\"\n\t\t\t\t\t\t\t\tdata-xy=\"x:l,l,l,c;xo:15px,15px,15px,0;y:t,t,t,b;yo:590px,590px,590px,120px;\"\n\t\t\t\t\t\t\t\tdata-text=\"w:normal;s:18,18,18,20;l:25,25,25,59;\"\n\t\t\t\t\t\t\t\tdata-vbility=\"t,t,t,f\"\n\t\t\t\t\t\t\t\tdata-frame_0=\"x:0,0,0,0px;y:0,0,0,0px;\"\n\t\t\t\t\t\t\t\tdata-frame_1=\"x:0,0,0,0px;y:0,0,0,0px;\"\n\t\t\t\t\t\t\t\tdata-frame_999=\"o:0;st:w;\"\n\t\t\t\t\t\t\t\tstyle=\"z-index:11;font-family:Montserrat;\"\n\t\t\t\t\t\t\t>6 \u5e74 \n\t\t\t\t\t\t\t<\/a><!--\n\n\t\t\t\t\t\t\t--><a\n\t\t\t\t\t\t\t\tid=\"slider-13-slide-48-layer-3\" \n\t\t\t\t\t\t\t\tclass=\"rs-layer hover-btn-vinos\"\n\t\t\t\t\t\t\t\thref=\"\/zh-hans\/azaya\/\" target=\"_self\"\n\t\t\t\t\t\t\t\tdata-type=\"button\"\n\t\t\t\t\t\t\t\tdata-rsp_ch=\"on\"\n\t\t\t\t\t\t\t\tdata-xy=\"x:r,r,r,c;xo:15px,15px,15px,0;y:t,t,t,b;yo:370px,370px,370px,170px;\"\n\t\t\t\t\t\t\t\tdata-text=\"w:normal;s:18,18,18,20;l:25,25,25,26;\"\n\t\t\t\t\t\t\t\tdata-vbility=\"t,t,t,f\"\n\t\t\t\t\t\t\t\tdata-frame_0=\"x:0,0,0,0px;y:0,0,0,0px;\"\n\t\t\t\t\t\t\t\tdata-frame_1=\"x:0,0,0,0px;y:0,0,0,0px;\"\n\t\t\t\t\t\t\t\tdata-frame_999=\"o:0;st:w;\"\n\t\t\t\t\t\t\t\tstyle=\"z-index:13;font-family:Montserrat;\"\n\t\t\t\t\t\t\t>AZAYA \n\t\t\t\t\t\t\t<\/a><!--\n\n\t\t\t\t\t\t\t--><a\n\t\t\t\t\t\t\t\tid=\"slider-13-slide-48-layer-4\" \n\t\t\t\t\t\t\t\tclass=\"rs-layer hover-btn-vinos\"\n\t\t\t\t\t\t\t\thref=\"\/zh-hans\/blancos\/\" target=\"_self\"\n\t\t\t\t\t\t\t\tdata-type=\"button\"\n\t\t\t\t\t\t\t\tdata-rsp_ch=\"on\"\n\t\t\t\t\t\t\t\tdata-xy=\"x:r,r,r,l;xo:15px,15px,15px,30px;y:t,t,t,b;yo:210px,210px,210px,10px;\"\n\t\t\t\t\t\t\t\tdata-text=\"w:normal;s:18,18,18,20;l:25,25,25,28;\"\n\t\t\t\t\t\t\t\tdata-frame_0=\"x:0,0,0,0px;y:0,0,0,0px;\"\n\t\t\t\t\t\t\t\tdata-frame_1=\"x:0,0,0,0px;y:0,0,0,0px;\"\n\t\t\t\t\t\t\t\tdata-frame_999=\"o:0;st:w;\"\n\t\t\t\t\t\t\t\tstyle=\"z-index:17;font-family:Montserrat;cursor:pointer;\"\n\t\t\t\t\t\t\t>BLANCOS \n\t\t\t\t\t\t\t<\/a><!--\n\n\t\t\t\t\t\t\t--><a\n\t\t\t\t\t\t\t\tid=\"slider-13-slide-48-layer-5\" \n\t\t\t\t\t\t\t\tclass=\"rs-layer hover-btn-vinos\"\n\t\t\t\t\t\t\t\thref=\"\/zh-hans\/tierra-alta\/\" target=\"_self\"\n\t\t\t\t\t\t\t\tdata-type=\"button\"\n\t\t\t\t\t\t\t\tdata-rsp_ch=\"on\"\n\t\t\t\t\t\t\t\tdata-xy=\"x:r,r,r,l;xo:15px,15px,15px,30px;y:t,t,t,b;yo:250px,250px,250px,-20px;\"\n\t\t\t\t\t\t\t\tdata-text=\"w:normal;s:18,18,18,20;l:25,25,25,20;\"\n\t\t\t\t\t\t\t\tdata-border=\"boc:#ac9c74;bow:0,0,2px,0;\"\n\t\t\t\t\t\t\t\tdata-frame_999=\"o:0;st:w;\"\n\t\t\t\t\t\t\t\tstyle=\"z-index:16;font-family:Montserrat;\"\n\t\t\t\t\t\t\t>TIERRA ALTA \n\t\t\t\t\t\t\t<\/a><!--\n\n\t\t\t\t\t\t\t--><a\n\t\t\t\t\t\t\t\tid=\"slider-13-slide-48-layer-6\" \n\t\t\t\t\t\t\t\tclass=\"rs-layer hover-btn-vinos\"\n\t\t\t\t\t\t\t\thref=\"\/zh-hans\/elite\/\" target=\"_self\"\n\t\t\t\t\t\t\t\tdata-type=\"button\"\n\t\t\t\t\t\t\t\tdata-color=\"#ac9c74\"\n\t\t\t\t\t\t\t\tdata-rsp_ch=\"on\"\n\t\t\t\t\t\t\t\tdata-xy=\"x:r;xo:15px,15px,15px,30px;y:t,t,t,b;yo:290px,290px,290px,-20px;\"\n\t\t\t\t\t\t\t\tdata-text=\"w:normal;s:18,18,18,20;l:25,25,25,19;\"\n\t\t\t\t\t\t\t\tdata-border=\"bos:solid;boc:#ac9c74;bow:0,0,2px,0;bor:0,0,0px,0;\"\n\t\t\t\t\t\t\t\tdata-frame_0=\"x:0,0,0,0px;y:0,0,0,0px;\"\n\t\t\t\t\t\t\t\tdata-frame_1=\"x:0,0,0,0px;y:0,0,0,0px;\"\n\t\t\t\t\t\t\t\tdata-frame_999=\"o:0;st:w;\"\n\t\t\t\t\t\t\t\tstyle=\"z-index:15;font-family:Montserrat;\"\n\t\t\t\t\t\t\t>ELITE \n\t\t\t\t\t\t\t<\/a><!--\n\n\t\t\t\t\t\t\t--><a\n\t\t\t\t\t\t\t\tid=\"slider-13-slide-48-layer-7\" \n\t\t\t\t\t\t\t\tclass=\"rs-layer hover-btn-vinos\"\n\t\t\t\t\t\t\t\thref=\"\/zh-hans\/gran-lujo\/\" target=\"_self\"\n\t\t\t\t\t\t\t\tdata-type=\"button\"\n\t\t\t\t\t\t\t\tdata-rsp_ch=\"on\"\n\t\t\t\t\t\t\t\tdata-xy=\"x:r;xo:15px,15px,15px,30px;y:t,t,t,b;yo:330px,330px,330px,10px;\"\n\t\t\t\t\t\t\t\tdata-text=\"w:normal;s:18,18,18,20;l:25,25,25,28;\"\n\t\t\t\t\t\t\t\tdata-border=\"bow:0,0,2px,0px;\"\n\t\t\t\t\t\t\t\tdata-frame_0=\"x:0,0,0,0px;y:0,0,0,0px;\"\n\t\t\t\t\t\t\t\tdata-frame_1=\"x:0,0,0,0px;y:0,0,0,0px;\"\n\t\t\t\t\t\t\t\tdata-frame_999=\"o:0;st:w;\"\n\t\t\t\t\t\t\t\tstyle=\"z-index:14;font-family:Montserrat;\"\n\t\t\t\t\t\t\t>GRAN LUJO \n\t\t\t\t\t\t\t<\/a><!--\n\n\t\t\t\t\t\t\t--><a\n\t\t\t\t\t\t\t\tid=\"slider-13-slide-48-layer-8\" \n\t\t\t\t\t\t\t\tclass=\"rs-layer hover-btn-vinos\"\n\t\t\t\t\t\t\t\thref=\"\/zh-hans\/elite\/una-cepa\/\" target=\"_self\"\n\t\t\t\t\t\t\t\tdata-type=\"button\"\n\t\t\t\t\t\t\t\tdata-rsp_ch=\"on\"\n\t\t\t\t\t\t\t\tdata-xy=\"x:l,l,l,c;xo:15px,15px,15px,0;y:t,t,t,b;yo:550px,550px,550px,90px;\"\n\t\t\t\t\t\t\t\tdata-text=\"w:normal;s:18,18,18,20;l:25,25,25,55;\"\n\t\t\t\t\t\t\t\tdata-dim=\"h:auto,auto,auto,54px;\"\n\t\t\t\t\t\t\t\tdata-vbility=\"t,t,t,f\"\n\t\t\t\t\t\t\t\tdata-frame_0=\"x:0,0,0,0px;y:0,0,0,0px;\"\n\t\t\t\t\t\t\t\tdata-frame_1=\"x:0,0,0,0px;y:0,0,0,0px;\"\n\t\t\t\t\t\t\t\tdata-frame_999=\"o:0;st:w;\"\n\t\t\t\t\t\t\t\tstyle=\"z-index:12;font-family:Montserrat;\"\n\t\t\t\t\t\t\t>UNA CEPA \n\t\t\t\t\t\t\t<\/a><!--\n\n\t\t\t\t\t\t\t--><a\n\t\t\t\t\t\t\t\tid=\"slider-13-slide-48-layer-9\" \n\t\t\t\t\t\t\t\tclass=\"rs-layer hover-btn-vinos\"\n\t\t\t\t\t\t\t\thref=\"\/zh-hans\/elite\/una-cepa-premium\/\" target=\"_self\"\n\t\t\t\t\t\t\t\tdata-type=\"button\"\n\t\t\t\t\t\t\t\tdata-rsp_ch=\"on\"\n\t\t\t\t\t\t\t\tdata-xy=\"x:l,l,l,c;xo:15px,15px,15px,0;y:t,t,t,b;yo:631px,631px,631px,120px;\"\n\t\t\t\t\t\t\t\tdata-text=\"w:normal;s:18,18,18,20;l:25,25,25,59;\"\n\t\t\t\t\t\t\t\tdata-vbility=\"t,t,t,f\"\n\t\t\t\t\t\t\t\tdata-frame_0=\"x:0,0,0,0px;y:0,0,0,0px;\"\n\t\t\t\t\t\t\t\tdata-frame_1=\"x:0,0,0,0px;y:0,0,0,0px;\"\n\t\t\t\t\t\t\t\tdata-frame_999=\"o:0;st:w;\"\n\t\t\t\t\t\t\t\tstyle=\"z-index:11;font-family:Montserrat;\"\n\t\t\t\t\t\t\t>UNA CEPA PREMIUM \n\t\t\t\t\t\t\t<\/a><!--\n\n\t\t\t\t\t\t\t--><rs-layer\n\t\t\t\t\t\t\t\tid=\"slider-13-slide-48-layer-10\" \n\t\t\t\t\t\t\t\tdata-type=\"image\"\n\t\t\t\t\t\t\t\tdata-rsp_ch=\"on\"\n\t\t\t\t\t\t\t\tdata-xy=\"x:l,l,l,c;xo:580px,580px,580px,0;y:t,t,t,m;yo:492px,492px,492px,-70px;\"\n\t\t\t\t\t\t\t\tdata-text=\"w:normal;s:20,20,20,5;l:0,0,0,7;\"\n\t\t\t\t\t\t\t\tdata-dim=\"w:300px,300px,300px,772px;h:180px,180px,180px,434px;\"\n\t\t\t\t\t\t\t\tdata-vbility=\"f,f,f,t\"\n\t\t\t\t\t\t\t\tdata-layeronlimit=\"on\"\n\t\t\t\t\t\t\t\tdata-frame_999=\"o:0;st:w;\"\n\t\t\t\t\t\t\t\tstyle=\"z-index:19;\"\n\t\t\t\t\t\t\t><img loading=\"lazy\" decoding=\"async\" src=\"\/\/bodegasvalduero.com\/wp-content\/uploads\/2021\/06\/12-AN\u0303OS-ROW-1.png\" width=\"1920\" height=\"1080\" data-no-retina> \n\t\t\t\t\t\t\t<\/rs-layer><!--\n\n\t\t\t\t\t\t\t--><rs-layer\n\t\t\t\t\t\t\t\tid=\"slider-13-slide-48-layer-11\" \n\t\t\t\t\t\t\t\tdata-type=\"shape\"\n\t\t\t\t\t\t\t\tdata-rsp_ch=\"on\"\n\t\t\t\t\t\t\t\tdata-xy=\"x:l,l,l,c;xo:50px,50px,50px,24px;y:t,t,t,m;yo:50px,50px,50px,-195px;\"\n\t\t\t\t\t\t\t\tdata-text=\"w:normal;s:20,20,20,5;l:0,0,0,7;\"\n\t\t\t\t\t\t\t\tdata-dim=\"w:300px,300px,300px,2732px;h:180px,180px,180px,1610px;\"\n\t\t\t\t\t\t\t\tdata-vbility=\"f,f,f,t\"\n\t\t\t\t\t\t\t\tdata-layeronlimit=\"on\"\n\t\t\t\t\t\t\t\tdata-frame_0=\"x:0,0,0,0px;y:0,0,0,0px;\"\n\t\t\t\t\t\t\t\tdata-frame_1=\"x:0,0,0,0px;y:0,0,0,0px;\"\n\t\t\t\t\t\t\t\tdata-frame_999=\"o:0;st:w;\"\n\t\t\t\t\t\t\t\tstyle=\"z-index:8;background-color:#000000;\"\n\t\t\t\t\t\t\t> \n\t\t\t\t\t\t\t<\/rs-layer><!--\n\n\t\t\t\t\t\t\t--><rs-layer\n\t\t\t\t\t\t\t\tid=\"slider-13-slide-48-layer-12\" \n\t\t\t\t\t\t\t\tdata-type=\"text\"\n\t\t\t\t\t\t\t\tdata-rsp_ch=\"on\"\n\t\t\t\t\t\t\t\tdata-xy=\"x:r,r,r,c;xo:15px,15px,15px,0;y:t,t,t,b;yo:551px,551px,551px,100px;\"\n\t\t\t\t\t\t\t\tdata-text=\"w:normal,normal,normal,normal;s:16,16,16,20;l:25,25,25,24;fw:700;a:right,right,right,center;\"\n\t\t\t\t\t\t\t\tdata-dim=\"w:459.3800000000001px,459.3800000000001px,459.3800000000001px,440.993px;\"\n\t\t\t\t\t\t\t\tdata-frame_0=\"x:0,0,0,0px;y:0,0,0,0px;\"\n\t\t\t\t\t\t\t\tdata-frame_1=\"x:0,0,0,0px;y:0,0,0,0px;\"\n\t\t\t\t\t\t\t\tdata-frame_999=\"o:0;st:w;\"\n\t\t\t\t\t\t\t\tstyle=\"z-index:18;font-family:Montserrat;\"\n\t\t\t\t\t\t\t>\u201c\u5728\u56fd\u9645\u4e0a\u8363\u83b7 95 \u81f3 97 \u5206\u7684\u8461\u8404\u9152\u201d\u3002 \n\t\t\t\t\t\t\t<\/rs-layer><!--\n-->\t\t\t\t\t\t<\/rs-slide>\n\t\t\t\t\t<\/rs-slides>\n\t\t\t\t<\/rs-module>\n\t\t\t\t<script type=\"text\/javascript\">\n\t\t\t\t\tsetREVStartSize({c: 'rev_slider_13_1',rl:[1240,1240,1240,480],el:[900,900,900,720],gw:[1500,1500,1500,480],gh:[900,900,900,720],type:'hero',justify:'',layout:'fullscreen',offsetContainer:'',offset:'',mh:\"0\"});\n\t\t\t\t\tvar\trevapi13,\n\t\t\t\t\t\ttpj;\n\t\t\t\t\tfunction revinit_revslider131() {\n\t\t\t\t\tjQuery(function() {\n\t\t\t\t\t\ttpj = jQuery;\n\t\t\t\t\t\trevapi13 = tpj(\"#rev_slider_13_1\");\n\t\t\t\t\t\tif(revapi13==undefined || revapi13.revolution == undefined){\n\t\t\t\t\t\t\trevslider_showDoubleJqueryError(\"rev_slider_13_1\");\n\t\t\t\t\t\t}else{\n\t\t\t\t\t\t\trevapi13.revolution({\n\t\t\t\t\t\t\t\tsliderType:\"hero\",\n\t\t\t\t\t\t\t\tsliderLayout:\"fullscreen\",\n\t\t\t\t\t\t\t\tvisibilityLevels:\"1240,1240,1240,480\",\n\t\t\t\t\t\t\t\tgridwidth:\"1500,1500,1500,480\",\n\t\t\t\t\t\t\t\tgridheight:\"900,900,900,720\",\n\t\t\t\t\t\t\t\tperspective:600,\n\t\t\t\t\t\t\t\tperspectiveType:\"global\",\n\t\t\t\t\t\t\t\teditorheight:\"900,768,960,720\",\n\t\t\t\t\t\t\t\tresponsiveLevels:\"1240,1240,1240,480\",\n\t\t\t\t\t\t\t\tprogressBar:{disableProgressBar:true},\n\t\t\t\t\t\t\t\tnavigation: {\n\t\t\t\t\t\t\t\t\tonHoverStop:false\n\t\t\t\t\t\t\t\t},\n\t\t\t\t\t\t\t\tfallbacks: {\n\t\t\t\t\t\t\t\t\tallowHTML5AutoPlayOnAndroid:true\n\t\t\t\t\t\t\t\t},\n\t\t\t\t\t\t\t});\n\t\t\t\t\t\t}\n\t\t\t\t\t\t\n\t\t\t\t\t});\n\t\t\t\t\t} \/\/ End of RevInitScript\n\t\t\t\tvar once_revslider131 = false;\n\t\t\t\tif (document.readyState === \"loading\") {document.addEventListener('readystatechange',function() { if((document.readyState === \"interactive\" || document.readyState === \"complete\") && !once_revslider131 ) { once_revslider131 = true; revinit_revslider131();}});} else {once_revslider131 = true; revinit_revslider131();}\n\t\t\t\t<\/script>\n\t\t\t<\/rs-module-wrap>\n\t\t\t<!-- END REVOLUTION SLIDER -->\n[\/vc_column][\/vc_row][vc_row el_id=&#8221;tabs-vinos&#8221;][vc_column][vc_tabs][vc_tab title=&#8221;\u8bf4\u660e&#8221; tab_id=&#8221;def1623851209-1-78&#8243;][vc_row_inner][vc_column_inner width=&#8221;1\/2&#8243;][vc_column_text el_class=&#8221;header-vinos-interior-p-l&#8221; css=&#8221;.vc_custom_1738762328184{margin-top: 100px !important;}&#8221;]\u5728\u6876\u4e2d\u9648\u917f 4 \u5e74\uff0c\u5728\u74f6\u4e2d\u9648\u5e74 8 \u5e74\u3002<br \/>\n\u675c\u57c3\u7f57\u6cb3\u5cb8 (Ribera del Duero) \u539f\u4ea7\u5730\u540d\u79f0\u3002<br \/>\n100% \u4e39\u9b44 (Tempranillo) \u54c1\u79cd &#8211; \u83f2\u8bfa (Tinto Fino)\u3002<br \/>\n\u4ec5\u5728\u7279\u6b8a\u5e74\u4efd\u624d\u917f\u5236\uff0c\u4ea7\u91cf\u6709\u9650\u4e14\u5177\u6709\u7f16\u53f7\u3002<br \/>\n\u6536\u85cf\u9152\u6b3e\u3002<br \/>\n\u5728\u5bb9\u91cf\u4e3a 500 \u5347\u7684\u6cd5\u56fd\u6a61\u6728\u6876\u4e2d\u8fdb\u884c\u9152\u7cbe\u548c\u82f9\u679c\u9178-\u4e73\u9178\u53d1\u9175\u3002<br \/>\n\u624b\u5de5\u53bb\u6897\u3002<br \/>\n\u8461\u8404\u85e4\u5e74\u9f84\u8d85\u8fc7 90 \u5e74\u3002 1,500 \u516c\u65a4\/\u516c\u9877<br \/>\n\u8461\u8404\u56ed\uff1a \u7c98\u571f\u548c\u77f3\u7070\u5ca9\u571f\u5730\u3002<br \/>\n\u672c\u571f\u9175\u6bcd\u8d4b\u4e88\u5176\u98ce\u571f\u7279\u5f81\u548c\u4e2a\u6027\u3002<br \/>\n\u5728 6 \u4e2a\u4e0d\u540c\u4ea7\u5730\u7684\u6a61\u6728\u6876\u4e2d\u9648\u917f 48 \u4e2a\u6708\u3002<br \/>\n\u542b\u4e9e\u786b\u9178\u9e7d\u3002[\/vc_column_text][\/vc_column_inner][vc_column_inner width=&#8221;1\/2&#8243;][vc_single_image image=&#8221;19530&#8243;][\/vc_column_inner][\/vc_row_inner][\/vc_tab][vc_tab title=&#8221;\u917f\u5236\u548c\u54c1\u9274\u6807\u7b7e&#8221; tab_id=&#8221;def1623851209-2-72&#8243;][vc_row_inner][vc_column_inner width=&#8221;1\/2&#8243;][vc_column_text el_class=&#8221;header-vinos-interior-p-l&#8221; css=&#8221;.vc_custom_1626085427739{margin-top: 100px !important;}&#8221;]<strong>ELABORACI\u00d3N<\/strong><\/p>\n<p>En 1999 elegimos las mejores uvas de los mejores vi\u00f1edos. Vendimiamos a conciencia y con cari\u00f1o, de manera totalmente artesana.<\/p>\n<p>Un envejecimiento paciente en las mejores maderas del mundo durante 4 a\u00f1os en las mejores maderas del mundo. Un tranquilo y largo descanso en botella de m\u00e1s de 8 a\u00f1os.<\/p>\n<p>&nbsp;<\/p>\n<p><strong>NOTAS DE CATA<\/strong><\/p>\n<p>Un grand\u00edsimo vino. Elegante. De color rojo granate con evoluci\u00f3n hacia tonos teja. En nariz es limpio. Franco. Con aromas ligeramente mentolados, de cuero y tabaco de diferentes or\u00edgenes y con suaves perfumes de cedro. Su entrada en boca es sedosa, con acidez presente y perfectamente integrada con los taninos. Con un recorrido arm\u00f3nico, las sensaciones de retrogusto son duraderas y plenas en recuerdos de los aromas descubiertos.<br \/>\nTemperatura id\u00f3nea de servicio: oscila entre 18\u00baC y 19\u00baC.[\/vc_column_text][\/vc_column_inner][vc_column_inner width=&#8221;1\/2&#8243;][vc_single_image image=&#8221;19530&#8243;][\/vc_column_inner][\/vc_row_inner][\/vc_tab][\/vc_tabs][\/vc_column][\/vc_row][vc_row background_color=&#8221;#000000&#8243;][vc_column][vc_column_text el_class=&#8221;font-work main-title color-white&#8221; css=&#8221;.vc_custom_1630399766248{margin-top: 0px !important;}&#8221;]<\/p>\n<h2 class=\"fuente-marron\">\u8461\u8404\u9152<\/h2>\n<p>[\/vc_column_text][vc_column_text el_class=&#8221;font-work main-title color-white&#8221; css=&#8221;.vc_custom_1630399758240{margin-top: 0px !important;}&#8221;]<\/p>\n<h2 data-aos=\"fade\" data-aos-offset=\"50\" data-aos-delay=\"250\" data-aos-duration=\"1000\">\u5927\u5956<\/h2>\n<p>[\/vc_column_text][\/vc_column][\/vc_row][vc_row background_color=&#8221;#000000&#8243; el_class=&#8221;max-width-img&#8221; css=&#8221;.vc_custom_1624607896502{padding-top: 0px !important;}&#8221;][vc_column text_align=&#8221;center&#8221; width=&#8221;1\/6&#8243; offset=&#8221;vc_col-lg-offset-0&#8243; el_class=&#8221;flex-awards&#8221;][\/vc_column][vc_column width=&#8221;1\/6&#8243;][\/vc_column][vc_column width=&#8221;1\/6&#8243;][vc_single_image alignment=&#8221;center&#8221; image=&#8221;19688&#8243;][\/vc_column][vc_column width=&#8221;1\/6&#8243;][vc_single_image alignment=&#8221;center&#8221; image=&#8221;19689&#8243;][\/vc_column][vc_column width=&#8221;1\/6&#8243;][\/vc_column][vc_column width=&#8221;1\/6&#8243;][\/vc_column][\/vc_row][vc_row background_color=&#8221;#000000&#8243; css=&#8221;.vc_custom_1623856924616{padding-top: 90px !important;padding-bottom: 20px !important;}&#8221;][vc_column][vc_column_text el_class=&#8221;font-work main-title color-white&#8221; css=&#8221;.vc_custom_1630399776787{margin-top: 0px !important;}&#8221;]<\/p>\n<h2 class=\"fuente-marron\">\u5176\u4ed6<\/h2>\n<p>[\/vc_column_text][vc_column_text el_class=&#8221;font-work main-title color-white&#8221; css=&#8221;.vc_custom_1630399802690{margin-top: 0px !important;}&#8221;]<\/p>\n<h2 data-aos=\"fade\" data-aos-offset=\"50\" data-aos-delay=\"250\" data-aos-duration=\"1000\">\u7cbe\u82f1<\/h2>\n<p>[\/vc_column_text][\/vc_column][\/vc_row][vc_row background_color=&#8221;#000000&#8243; css=&#8221;.vc_custom_1623858011119{padding-top: 10px !important;padding-bottom: 100px !important;}&#8221;][vc_column width=&#8221;1\/3&#8243; offset=&#8221;vc_col-lg-offset-4 vc_col-lg-2 vc_col-md-6 vc_col-sm-offset-0 vc_col-xs-6&#8243;][vc_single_image image=&#8221;19568&#8243;][vc_column_text el_class=&#8221;header-vinos-interior-p-l w-text-block&#8221; css=&#8221;.vc_custom_1630493976021{margin-top: 20px !important;}&#8221;]<\/p>\n<p style=\"text-align: center; color: white;\"><a href=\"https:\/\/bodegasvalduero.com\/zh-hans\/elite\/una-cepa\/\">UNA CEPA\u00a0<\/a><\/p>\n<p>[\/vc_column_text][\/vc_column][vc_column width=&#8221;1\/3&#8243; offset=&#8221;vc_col-lg-2 vc_col-md-6 vc_col-xs-6&#8243;][vc_single_image image=&#8221;19690&#8243;][vc_column_text el_class=&#8221;header-vinos-interior-p-l w-text-block&#8221; css=&#8221;.vc_custom_1630493981768{margin-top: 20px !important;}&#8221;]<\/p>\n<p style=\"text-align: center; color: white;\"><a href=\"\/zh-hans\/elite\/una-cepa-premium\/\">UNA CEPA PREMIUM<\/a><\/p>\n<p>[\/vc_column_text][\/vc_column][\/vc_row][vc_row background_color=&#8221;#000000&#8243; css=&#8221;.vc_custom_1623860734753{padding-top: 10px !important;padding-bottom: 10px !important;}&#8221; el_id=&#8221;circle-inside-wine&#8221;][vc_column text_align=&#8221;center&#8221; width=&#8221;1\/2&#8243; offset=&#8221;vc_col-lg-offset-2 vc_col-lg-3 vc_col-md-6 vc_col-sm-offset-0 vc_col-xs-6&#8243;][vc_single_image alignment=&#8221;center&#8221; image=&#8221;19615&#8243;][vc_column_text el_class=&#8221;font-work main-title color-white&#8221;]<\/p>\n<h2 style=\"text-align: center;\" data-aos=\"fade\" data-aos-offset=\"50\" data-aos-delay=\"250\" data-aos-duration=\"1000\"><a href=\"https:\/\/bodegasvalduero.com\/zh-hans\/elite\/\">VALDUERO<br \/>\nELITE<\/a><\/h2>\n<p>[\/vc_column_text][\/vc_column][vc_column text_align=&#8221;center&#8221; width=&#8221;1\/2&#8243; offset=&#8221;vc_col-lg-offset-2 vc_col-lg-3 vc_col-md-offset-0 vc_col-md-6 vc_col-sm-offset-0 vc_col-xs-6&#8243;][vc_single_image alignment=&#8221;center&#8221; image=&#8221;19733&#8243;][vc_column_text el_class=&#8221;font-work main-title color-white&#8221;]<\/p>\n<h2 style=\"text-align: center;\" data-aos=\"fade\" data-aos-offset=\"50\" data-aos-delay=\"250\" data-aos-duration=\"1000\"><a href=\"https:\/\/bodegasvalduero.com\/zh-hans\/azaya\/\">FINCA AZAYA<\/a><\/h2>\n<p>[\/vc_column_text][\/vc_column][\/vc_row]<\/p>\n","protected":false},"excerpt":{"rendered":"<p>[vc_row css=&#8221;.vc_custom_1624615927348{padding-top [&hellip;]<\/p>\n","protected":false},"author":11,"featured_media":0,"parent":19502,"menu_order":82,"comment_status":"closed","ping_status":"closed","template":"","meta":{"_acf_changed":false,"footnotes":""},"acf":[],"yoast_head":"<!-- This site is optimized with the Yoast SEO plugin v22.4 - https:\/\/yoast.com\/wordpress\/plugins\/seo\/ -->\n<title>Valduero 12 \u5e74 - Bodegas Valduero<\/title>\n<meta name=\"robots\" content=\"index, follow, max-snippet:-1, max-image-preview:large, max-video-preview:-1\" \/>\n<link rel=\"canonical\" href=\"https:\/\/bodegasvalduero.com\/zh-hans\/elite\/valduero-12\u5e74\/\" \/>\n<meta property=\"og:locale\" content=\"zh_CN\" \/>\n<meta property=\"og:type\" content=\"article\" \/>\n<meta property=\"og:title\" content=\"Valduero 12 \u5e74 - Bodegas Valduero\" \/>\n<meta property=\"og:description\" content=\"[vc_row css=&#8221;.vc_custom_1624615927348{padding-top [&hellip;]\" \/>\n<meta property=\"og:url\" content=\"https:\/\/bodegasvalduero.com\/zh-hans\/elite\/valduero-12\u5e74\/\" \/>\n<meta property=\"og:site_name\" content=\"Bodegas Valduero\" \/>\n<meta property=\"article:modified_time\" content=\"2025-02-05T13:32:10+00:00\" \/>\n<meta name=\"twitter:card\" content=\"summary_large_image\" \/>\n<meta name=\"twitter:label1\" content=\"\u9884\u8ba1\u9605\u8bfb\u65f6\u95f4\" \/>\n\t<meta name=\"twitter:data1\" content=\"2 \u5206\" \/>\n<script type=\"application\/ld+json\" class=\"yoast-schema-graph\">{\"@context\":\"https:\/\/schema.org\",\"@graph\":[{\"@type\":\"WebPage\",\"@id\":\"https:\/\/bodegasvalduero.com\/zh-hans\/elite\/valduero-12%e5%b9%b4\/\",\"url\":\"https:\/\/bodegasvalduero.com\/zh-hans\/elite\/valduero-12%e5%b9%b4\/\",\"name\":\"Valduero 12 \u5e74 - Bodegas Valduero\",\"isPartOf\":{\"@id\":\"https:\/\/bodegasvalduero.com\/#website\"},\"datePublished\":\"2021-08-31T08:50:30+00:00\",\"dateModified\":\"2025-02-05T13:32:10+00:00\",\"breadcrumb\":{\"@id\":\"https:\/\/bodegasvalduero.com\/zh-hans\/elite\/valduero-12%e5%b9%b4\/#breadcrumb\"},\"inLanguage\":\"zh-Hans\",\"potentialAction\":[{\"@type\":\"ReadAction\",\"target\":[\"https:\/\/bodegasvalduero.com\/zh-hans\/elite\/valduero-12%e5%b9%b4\/\"]}]},{\"@type\":\"BreadcrumbList\",\"@id\":\"https:\/\/bodegasvalduero.com\/zh-hans\/elite\/valduero-12%e5%b9%b4\/#breadcrumb\",\"itemListElement\":[{\"@type\":\"ListItem\",\"position\":1,\"name\":\"Portada\",\"item\":\"https:\/\/bodegasvalduero.com\/zh-hans\/\"},{\"@type\":\"ListItem\",\"position\":2,\"name\":\"\u00c9lite\",\"item\":\"https:\/\/bodegasvalduero.com\/zh-hans\/elite\/\"},{\"@type\":\"ListItem\",\"position\":3,\"name\":\"Valduero 12 \u5e74\"}]},{\"@type\":\"WebSite\",\"@id\":\"https:\/\/bodegasvalduero.com\/#website\",\"url\":\"https:\/\/bodegasvalduero.com\/\",\"name\":\"Bodegas Valduero\",\"description\":\"\",\"potentialAction\":[{\"@type\":\"SearchAction\",\"target\":{\"@type\":\"EntryPoint\",\"urlTemplate\":\"https:\/\/bodegasvalduero.com\/?s={search_term_string}\"},\"query-input\":\"required name=search_term_string\"}],\"inLanguage\":\"zh-Hans\"}]}<\/script>\n<!-- \/ Yoast SEO plugin. -->","yoast_head_json":{"title":"Valduero 12 \u5e74 - Bodegas Valduero","robots":{"index":"index","follow":"follow","max-snippet":"max-snippet:-1","max-image-preview":"max-image-preview:large","max-video-preview":"max-video-preview:-1"},"canonical":"https:\/\/bodegasvalduero.com\/zh-hans\/elite\/valduero-12\u5e74\/","og_locale":"zh_CN","og_type":"article","og_title":"Valduero 12 \u5e74 - Bodegas Valduero","og_description":"[vc_row css=&#8221;.vc_custom_1624615927348{padding-top [&hellip;]","og_url":"https:\/\/bodegasvalduero.com\/zh-hans\/elite\/valduero-12\u5e74\/","og_site_name":"Bodegas Valduero","article_modified_time":"2025-02-05T13:32:10+00:00","twitter_card":"summary_large_image","twitter_misc":{"\u9884\u8ba1\u9605\u8bfb\u65f6\u95f4":"2 \u5206"},"schema":{"@context":"https:\/\/schema.org","@graph":[{"@type":"WebPage","@id":"https:\/\/bodegasvalduero.com\/zh-hans\/elite\/valduero-12%e5%b9%b4\/","url":"https:\/\/bodegasvalduero.com\/zh-hans\/elite\/valduero-12%e5%b9%b4\/","name":"Valduero 12 \u5e74 - Bodegas Valduero","isPartOf":{"@id":"https:\/\/bodegasvalduero.com\/#website"},"datePublished":"2021-08-31T08:50:30+00:00","dateModified":"2025-02-05T13:32:10+00:00","breadcrumb":{"@id":"https:\/\/bodegasvalduero.com\/zh-hans\/elite\/valduero-12%e5%b9%b4\/#breadcrumb"},"inLanguage":"zh-Hans","potentialAction":[{"@type":"ReadAction","target":["https:\/\/bodegasvalduero.com\/zh-hans\/elite\/valduero-12%e5%b9%b4\/"]}]},{"@type":"BreadcrumbList","@id":"https:\/\/bodegasvalduero.com\/zh-hans\/elite\/valduero-12%e5%b9%b4\/#breadcrumb","itemListElement":[{"@type":"ListItem","position":1,"name":"Portada","item":"https:\/\/bodegasvalduero.com\/zh-hans\/"},{"@type":"ListItem","position":2,"name":"\u00c9lite","item":"https:\/\/bodegasvalduero.com\/zh-hans\/elite\/"},{"@type":"ListItem","position":3,"name":"Valduero 12 \u5e74"}]},{"@type":"WebSite","@id":"https:\/\/bodegasvalduero.com\/#website","url":"https:\/\/bodegasvalduero.com\/","name":"Bodegas Valduero","description":"","potentialAction":[{"@type":"SearchAction","target":{"@type":"EntryPoint","urlTemplate":"https:\/\/bodegasvalduero.com\/?s={search_term_string}"},"query-input":"required name=search_term_string"}],"inLanguage":"zh-Hans"}]}},"_links":{"self":[{"href":"https:\/\/bodegasvalduero.com\/zh-hans\/wp-json\/wp\/v2\/pages\/19579"}],"collection":[{"href":"https:\/\/bodegasvalduero.com\/zh-hans\/wp-json\/wp\/v2\/pages"}],"about":[{"href":"https:\/\/bodegasvalduero.com\/zh-hans\/wp-json\/wp\/v2\/types\/page"}],"author":[{"embeddable":true,"href":"https:\/\/bodegasvalduero.com\/zh-hans\/wp-json\/wp\/v2\/users\/11"}],"replies":[{"embeddable":true,"href":"https:\/\/bodegasvalduero.com\/zh-hans\/wp-json\/wp\/v2\/comments?post=19579"}],"version-history":[{"count":6,"href":"https:\/\/bodegasvalduero.com\/zh-hans\/wp-json\/wp\/v2\/pages\/19579\/revisions"}],"predecessor-version":[{"id":21403,"href":"https:\/\/bodegasvalduero.com\/zh-hans\/wp-json\/wp\/v2\/pages\/19579\/revisions\/21403"}],"up":[{"embeddable":true,"href":"https:\/\/bodegasvalduero.com\/zh-hans\/wp-json\/wp\/v2\/pages\/19502"}],"wp:attachment":[{"href":"https:\/\/bodegasvalduero.com\/zh-hans\/wp-json\/wp\/v2\/media?parent=19579"}],"curies":[{"name":"wp","href":"https:\/\/api.w.org\/{rel}","templated":true}]}}